{"id":2,"date":"2011-04-08T15:50:10","date_gmt":"2011-04-08T15:50:10","guid":{"rendered":"http:\/\/www.weidner-electrical.co.uk\/?page_id=2"},"modified":"2026-03-09T20:10:39","modified_gmt":"2026-03-09T20:10:39","slug":"about","status":"publish","type":"page","link":"https:\/\/www.weidner-electrical.co.uk\/","title":{"rendered":"Who we are"},"content":{"rendered":"<style>\/*! elementor - v3.20.0 - 26-03-2024 *\/\n.elementor-widget-image{text-align:center}.elementor-widget-image a{display:inline-block}.elementor-widget-image a img[src$=\".svg\"]{width:48px}.elementor-widget-image img{vertical-align:middle;display:inline-block}<\/style>\n<p>\t\t\t\t\t\t\t\t\t\t<img fetchpriority=\"high\" decoding=\"async\" width=\"900\" height=\"150\" src=\"http:\/\/www.weidner-electrical.co.uk\/wp-content\/uploads\/2011\/04\/landscape-bar.png\" alt=\"\" srcset=\"https:\/\/www.weidner-electrical.co.uk\/wp-content\/uploads\/2011\/04\/landscape-bar.png 900w, https:\/\/www.weidner-electrical.co.uk\/wp-content\/uploads\/2011\/04\/landscape-bar-300x50.png 300w\" sizes=\"(max-width: 900px) 100vw, 900px\" \/>\t\t\t\t\t\t\t\t\t\t\t\t\t<\/p>\n<style>\/*! elementor - v3.20.0 - 26-03-2024 *\/\n.elementor-heading-title{padding:0;margin:0;line-height:1}.elementor-widget-heading .elementor-heading-title[class*=elementor-size-]>a{color:inherit;font-size:inherit;line-height:inherit}.elementor-widget-heading .elementor-heading-title.elementor-size-small{font-size:15px}.elementor-widget-heading .elementor-heading-title.elementor-size-medium{font-size:19px}.elementor-widget-heading .elementor-heading-title.elementor-size-large{font-size:29px}.elementor-widget-heading .elementor-heading-title.elementor-size-xl{font-size:39px}.elementor-widget-heading .elementor-heading-title.elementor-size-xxl{font-size:59px}<\/style>\n<h2>Who We are<\/h2>\n<p>Weidner Electrical are a local company providing both commercial and domestic electrical installation work, maintenance, inspection and testing services throughout the South West. Established in 2002 We have developed a reputation for the quality of our work, dedication of service and our friendly and approachable attitude.<\/p>\n<p>We pride ourselves on being reliable and conscientious of our clients need to be well informed throughout each job and to work with them to provide the most effective results, on time and on budget.To facilitate this We keep up to date with all changes in regulations and industry standards adding to our sound knowledge and experience.<\/p>\n<p>\t\t\t\t\t\t\t\t\t\t\t\t\t<img decoding=\"async\" width=\"165\" height=\"60\" src=\"http:\/\/www.weidner-electrical.co.uk\/wp-content\/uploads\/2024\/04\/accreditations.gif\" alt=\"\" \/>\t\t\t\t\t\t\t\t\t\t\t\t\t<\/p>\n<h3 style=\"text-align: center;\"><strong>Certification<\/strong><\/h3>\n<ul>\n<li>All work We do is to National Standard BS7671 (17th edition) and current building regulations from concept to completion.<\/li>\n<li>We are registered with the NIC EIC (National Inspection Council for Electrical Installation Contracting) on the Approved Contractor Scheme and are TrustMark Approved.<\/li>\n<li>We provide NIC EIC Safety Certificates with all work undertaken and any neccessary documentation<\/li>\n<\/ul>\n<h3 style=\"text-align: center;\"><strong>Our customers say<\/strong><\/h3>\n<p style=\"text-align: center;\"><em>&#8220;Having decided to have solar panels installed, partly to reduce my carbon footprint and to reduce my electricity bills and take advantage of the feed-in tariff scheme, I did my research and selected We Electrical. I was impressed with Tristan&#8217;s professionalism and quality of work&#8221;<\/em><br \/><strong>Mr Smith, Hayle<\/strong><\/p>\n<style>\/*! elementor - v3.20.0 - 26-03-2024 *\/\n.elementor-column .elementor-spacer-inner{height:var(--spacer-size)}.e-con{--container-widget-width:100%}.e-con-inner>.elementor-widget-spacer,.e-con>.elementor-widget-spacer{width:var(--container-widget-width,var(--spacer-size));--align-self:var(--container-widget-align-self,initial);--flex-shrink:0}.e-con-inner>.elementor-widget-spacer>.elementor-widget-container,.e-con>.elementor-widget-spacer>.elementor-widget-container{height:100%;width:100%}.e-con-inner>.elementor-widget-spacer>.elementor-widget-container>.elementor-spacer,.e-con>.elementor-widget-spacer>.elementor-widget-container>.elementor-spacer{height:100%}.e-con-inner>.elementor-widget-spacer>.elementor-widget-container>.elementor-spacer>.elementor-spacer-inner,.e-con>.elementor-widget-spacer>.elementor-widget-container>.elementor-spacer>.elementor-spacer-inner{height:var(--container-widget-height,var(--spacer-size))}.e-con-inner>.elementor-widget-spacer.elementor-widget-empty,.e-con>.elementor-widget-spacer.elementor-widget-empty{position:relative;min-height:22px;min-width:22px}.e-con-inner>.elementor-widget-spacer.elementor-widget-empty .elementor-widget-empty-icon,.e-con>.elementor-widget-spacer.elementor-widget-empty .elementor-widget-empty-icon{position:absolute;top:0;bottom:0;left:0;right:0;margin:auto;padding:0;width:22px;height:22px}<\/style>\n<p>\t\t\t\t\t\t\t\t\t\t\t\t\t<img decoding=\"async\" width=\"1600\" height=\"400\" src=\"http:\/\/www.weidner-electrical.co.uk\/wp-content\/uploads\/2024\/04\/Commercial.jpg\" alt=\"\" srcset=\"https:\/\/www.weidner-electrical.co.uk\/wp-content\/uploads\/2024\/04\/Commercial.jpg 1600w, https:\/\/www.weidner-electrical.co.uk\/wp-content\/uploads\/2024\/04\/Commercial-300x75.jpg 300w, https:\/\/www.weidner-electrical.co.uk\/wp-content\/uploads\/2024\/04\/Commercial-1024x256.jpg 1024w, https:\/\/www.weidner-electrical.co.uk\/wp-content\/uploads\/2024\/04\/Commercial-768x192.jpg 768w, https:\/\/www.weidner-electrical.co.uk\/wp-content\/uploads\/2024\/04\/Commercial-1536x384.jpg 1536w\" sizes=\"(max-width: 1600px) 100vw, 1600px\" \/>\t\t\t\t\t\t\t\t\t\t\t\t\t<\/p>\n<h2>Commercial<\/h2>\n<style>\/*! elementor - v3.20.0 - 26-03-2024 *\/\n.elementor-widget-divider{--divider-border-style:none;--divider-border-width:1px;--divider-color:#0c0d0e;--divider-icon-size:20px;--divider-element-spacing:10px;--divider-pattern-height:24px;--divider-pattern-size:20px;--divider-pattern-url:none;--divider-pattern-repeat:repeat-x}.elementor-widget-divider .elementor-divider{display:flex}.elementor-widget-divider .elementor-divider__text{font-size:15px;line-height:1;max-width:95%}.elementor-widget-divider .elementor-divider__element{margin:0 var(--divider-element-spacing);flex-shrink:0}.elementor-widget-divider .elementor-icon{font-size:var(--divider-icon-size)}.elementor-widget-divider .elementor-divider-separator{display:flex;margin:0;direction:ltr}.elementor-widget-divider--view-line_icon .elementor-divider-separator,.elementor-widget-divider--view-line_text .elementor-divider-separator{align-items:center}.elementor-widget-divider--view-line_icon .elementor-divider-separator:after,.elementor-widget-divider--view-line_icon .elementor-divider-separator:before,.elementor-widget-divider--view-line_text .elementor-divider-separator:after,.elementor-widget-divider--view-line_text .elementor-divider-separator:before{display:block;content:\"\";border-block-end:0;flex-grow:1;border-block-start:var(--divider-border-width) var(--divider-border-style) var(--divider-color)}.elementor-widget-divider--element-align-left .elementor-divider .elementor-divider-separator>.elementor-divider__svg:first-of-type{flex-grow:0;flex-shrink:100}.elementor-widget-divider--element-align-left .elementor-divider-separator:before{content:none}.elementor-widget-divider--element-align-left .elementor-divider__element{margin-left:0}.elementor-widget-divider--element-align-right .elementor-divider .elementor-divider-separator>.elementor-divider__svg:last-of-type{flex-grow:0;flex-shrink:100}.elementor-widget-divider--element-align-right .elementor-divider-separator:after{content:none}.elementor-widget-divider--element-align-right .elementor-divider__element{margin-right:0}.elementor-widget-divider--element-align-start .elementor-divider .elementor-divider-separator>.elementor-divider__svg:first-of-type{flex-grow:0;flex-shrink:100}.elementor-widget-divider--element-align-start .elementor-divider-separator:before{content:none}.elementor-widget-divider--element-align-start .elementor-divider__element{margin-inline-start:0}.elementor-widget-divider--element-align-end .elementor-divider .elementor-divider-separator>.elementor-divider__svg:last-of-type{flex-grow:0;flex-shrink:100}.elementor-widget-divider--element-align-end .elementor-divider-separator:after{content:none}.elementor-widget-divider--element-align-end .elementor-divider__element{margin-inline-end:0}.elementor-widget-divider:not(.elementor-widget-divider--view-line_text):not(.elementor-widget-divider--view-line_icon) .elementor-divider-separator{border-block-start:var(--divider-border-width) var(--divider-border-style) var(--divider-color)}.elementor-widget-divider--separator-type-pattern{--divider-border-style:none}.elementor-widget-divider--separator-type-pattern.elementor-widget-divider--view-line .elementor-divider-separator,.elementor-widget-divider--separator-type-pattern:not(.elementor-widget-divider--view-line) .elementor-divider-separator:after,.elementor-widget-divider--separator-type-pattern:not(.elementor-widget-divider--view-line) .elementor-divider-separator:before,.elementor-widget-divider--separator-type-pattern:not([class*=elementor-widget-divider--view]) .elementor-divider-separator{width:100%;min-height:var(--divider-pattern-height);-webkit-mask-size:var(--divider-pattern-size) 100%;mask-size:var(--divider-pattern-size) 100%;-webkit-mask-repeat:var(--divider-pattern-repeat);mask-repeat:var(--divider-pattern-repeat);background-color:var(--divider-color);-webkit-mask-image:var(--divider-pattern-url);mask-image:var(--divider-pattern-url)}.elementor-widget-divider--no-spacing{--divider-pattern-size:auto}.elementor-widget-divider--bg-round{--divider-pattern-repeat:round}.rtl .elementor-widget-divider .elementor-divider__text{direction:rtl}.e-con-inner>.elementor-widget-divider,.e-con>.elementor-widget-divider{width:var(--container-widget-width,100%);--flex-grow:var(--container-widget-flex-grow)}<\/style>\n<p>We have the neccessary skills and experience to complete both small and large scale work in all commercial environments including office, retail, industrial, leisure and agricultural from emergency repairs to complete new wiring installations.<\/p>\n<p>We understand what matters to our commercial customers, the importance of timing and working within budget constraints.<\/p>\n<p>For a complete list of works undertaken please view our <strong>Services<\/strong> section below.<\/p>\n<p>\t\t\t\t\t\t\t\t\t\t\t\t\t<img loading=\"lazy\" decoding=\"async\" width=\"1600\" height=\"400\" src=\"http:\/\/www.weidner-electrical.co.uk\/wp-content\/uploads\/2024\/04\/Domestic.jpg\" alt=\"\" srcset=\"https:\/\/www.weidner-electrical.co.uk\/wp-content\/uploads\/2024\/04\/Domestic.jpg 1600w, https:\/\/www.weidner-electrical.co.uk\/wp-content\/uploads\/2024\/04\/Domestic-300x75.jpg 300w, https:\/\/www.weidner-electrical.co.uk\/wp-content\/uploads\/2024\/04\/Domestic-1024x256.jpg 1024w, https:\/\/www.weidner-electrical.co.uk\/wp-content\/uploads\/2024\/04\/Domestic-768x192.jpg 768w, https:\/\/www.weidner-electrical.co.uk\/wp-content\/uploads\/2024\/04\/Domestic-1536x384.jpg 1536w\" sizes=\"(max-width: 1600px) 100vw, 1600px\" \/>\t\t\t\t\t\t\t\t\t\t\t\t\t<\/p>\n<h2>Domestic<\/h2>\n<p>\t\tWe have the neccessary skills and experience to complete both small and large scale projects for your home, from emergency repairs to complete new wiring installations.<br \/>\nWe understand your home is important to you and will treat it and your time with respect, keeping you informed and advised at each stage of your project.<\/p>\n<h2>Bezpiecze\u0144stwo i Innowacje w Najlepszych Polskich Kasynach Online<\/h2>\n<p>Wyb&oacute;r  to decyzja, kt&oacute;ra powinna by\u0107 podejmowana z du\u017c\u0105 rozwag\u0105. Kluczowe jest, aby zwr&oacute;ci\u0107 uwag\u0119 nie tylko na atrakcyjno\u015b\u0107 oferty, ale przede wszystkim na bezpiecze\u0144stwo i legalno\u015b\u0107 dzia\u0142alno\u015bci. &#8220;Kasyno internetowe&#8221; powinno wsp&oacute;\u0142pracowa\u0107 z renomowanymi dostawcami oprogramowania, takimi jak Evolution, Microgaming czy NetEnt. Te firmy s\u0105 gwarantem rzetelnych i sprawiedliwych gier, co dla u\u017cytkownik&oacute;w oznacza bezpiecze\u0144stwo i uczciwo\u015b\u0107 rozgrywki.<\/p>\n<p>\t\t\t\t\t\t\t\t\t\t\t\t\t<img loading=\"lazy\" decoding=\"async\" width=\"1600\" height=\"400\" src=\"http:\/\/www.weidner-electrical.co.uk\/wp-content\/uploads\/2024\/04\/Services.jpg\" alt=\"\" srcset=\"https:\/\/www.weidner-electrical.co.uk\/wp-content\/uploads\/2024\/04\/Services.jpg 1600w, https:\/\/www.weidner-electrical.co.uk\/wp-content\/uploads\/2024\/04\/Services-300x75.jpg 300w, https:\/\/www.weidner-electrical.co.uk\/wp-content\/uploads\/2024\/04\/Services-1024x256.jpg 1024w, https:\/\/www.weidner-electrical.co.uk\/wp-content\/uploads\/2024\/04\/Services-768x192.jpg 768w, https:\/\/www.weidner-electrical.co.uk\/wp-content\/uploads\/2024\/04\/Services-1536x384.jpg 1536w\" sizes=\"(max-width: 1600px) 100vw, 1600px\" \/>\t\t\t\t\t\t\t\t\t\t\t\t\t<\/p>\n<h2>Services<\/h2>\n<h3>Solar Power and efficent energy<\/h3>\n<ul>\n<li>Solar Panels \/ (PV) Solar Photovoltaic, PV Systems (MCS Accredited)<\/li>\n<li>Low voltage and LED lighting<\/li>\n<\/ul>\n<h3>\u00a0<\/h3>\n<h3>General<\/h3>\n<ul>\n<li>Fault diagnostics \/ remedial work<br \/>Electrical Maintenance<\/li>\n<li>Fuse boxes \/ RCD consumer units &amp; distribution board upgrades.<\/li>\n<li>Earthing and main protective bonding upgrades<\/li>\n<li>Extra power points &amp; lighting<\/li>\n<li>Rewires and partial rewires<\/li>\n<li>Electrical appliance connecting<\/li>\n<li>Ventilation &amp; Extractor Fans<\/li>\n<\/ul>\n<h4>\u00a0<\/h4>\n<h4>Domestic<\/h4>\n<ul>\n<li>Domestic lighting \/ switches<\/li>\n<li>Kitchen electrical installations<\/li>\n<li>Bathroom electrical installations<\/li>\n<li>Cooker points<\/li>\n<li>Shower and heater supplies<\/li>\n<\/ul>\n<h3>\u00a0<\/h3>\n<h3>Heating<\/h3>\n<ul>\n<li>Electric Heating<\/li>\n<li>Under floor heating and controls<\/li>\n<\/ul>\n<h3>Safety and security<\/h3>\n<ul>\n<li>Domestic Smoke\/fire\/heat alarms installed inspected, tested and certificated to BS5839-2004<\/li>\n<li>Security lighting and alarms<\/li>\n<\/ul>\n<h3>\u00a0<\/h3>\n<h3>Outdoor and external<\/h3>\n<ul>\n<li>Electrical circuits to outbuildings \/ sheds \/ cabins \/ garages \/ gates<\/li>\n<li>Swimming pool electrical installations and maintenance<\/li>\n<li>Garden \/ driveway lighting<\/li>\n<\/ul>\n<h3>\u00a0<\/h3>\n<h3>Inspection, Testing &amp; Certification<\/h3>\n<ul>\n<li>NICEIC Periodic Electrical Inspection Certificates<\/li>\n<li>NICEIC Electrical Installation Certificates<\/li>\n<li>NICEIC Minor Electrical Installation Works Certificates <\/li>\n<li>Part P Certification for Building Regulations <\/li>\n<li>NICEIC Certificate of design, installation and commissioning of a fire detection and alarm system.<\/li>\n<li>NICEIC Electrical Installation Surveys \/ visual inspection reports<\/li>\n<li>PAT Portable Appliance Testing<\/li>\n<\/ul>\n<p>\t\t\t\t\t\t\t\t\t\t\t\t\t<img loading=\"lazy\" decoding=\"async\" width=\"1600\" height=\"400\" src=\"http:\/\/www.weidner-electrical.co.uk\/wp-content\/uploads\/2024\/04\/Solar.jpg\" alt=\"\" srcset=\"https:\/\/www.weidner-electrical.co.uk\/wp-content\/uploads\/2024\/04\/Solar.jpg 1600w, https:\/\/www.weidner-electrical.co.uk\/wp-content\/uploads\/2024\/04\/Solar-300x75.jpg 300w, https:\/\/www.weidner-electrical.co.uk\/wp-content\/uploads\/2024\/04\/Solar-1024x256.jpg 1024w, https:\/\/www.weidner-electrical.co.uk\/wp-content\/uploads\/2024\/04\/Solar-768x192.jpg 768w, https:\/\/www.weidner-electrical.co.uk\/wp-content\/uploads\/2024\/04\/Solar-1536x384.jpg 1536w\" sizes=\"(max-width: 1600px) 100vw, 1600px\" \/>\t\t\t\t\t\t\t\t\t\t\t\t\t<\/p>\n<h2>Solar Energy<\/h2>\n<p>The Solar energy market can appear to be a very confusing place and on first glance extremely complicated but in truth for the user it isn\u2019t really that complex. It\u2019s ultimately all about the benefits it can deliver to both the energy consumer and the environment.<\/p>\n<p>In essence a Solar energy system is about harnessing the sun\u2019s immense natural power source to convert sunlight to electricity using silicon cells with the objective of not only saving money but of course the environment.<\/p>\n<p>The UK Government have committed to decreasing our dependence on fossil and nuclear fuels and have legislated a Feed In Tariff, \u201dFIT\u201d sometimes called \u201cEnergy Cashbacks,\u201d effective from April 2010. This FIT obliges energy companies to pay a premium price to you, the energy generator, for all the energy produced by your solar system, whether it is consumed at your property or exported back to the grid.<\/p>\n","protected":false},"excerpt":{"rendered":"<p>Who We are Weidner Electrical are a local company providing both commercial and domestic electrical installation work, maintenance, inspection and testing services throughout the South West. Established in 2002 We have developed a reputation for the quality of our work, dedication of service and our friendly and approachable attitude. We pride ourselves on being reliable [&hellip;]<\/p>\n","protected":false},"author":1,"featured_media":0,"parent":0,"menu_order":0,"comment_status":"closed","ping_status":"closed","template":"elementor_header_footer","meta":{"footnotes":""},"class_list":["post-2","page","type-page","status-publish","hentry"],"_links":{"self":[{"href":"https:\/\/www.weidner-electrical.co.uk\/index.php?rest_route=\/wp\/v2\/pages\/2","targetHints":{"allow":["GET"]}}],"collection":[{"href":"https:\/\/www.weidner-electrical.co.uk\/index.php?rest_route=\/wp\/v2\/pages"}],"about":[{"href":"https:\/\/www.weidner-electrical.co.uk\/index.php?rest_route=\/wp\/v2\/types\/page"}],"author":[{"embeddable":true,"href":"https:\/\/www.weidner-electrical.co.uk\/index.php?rest_route=\/wp\/v2\/users\/1"}],"replies":[{"embeddable":true,"href":"https:\/\/www.weidner-electrical.co.uk\/index.php?rest_route=%2Fwp%2Fv2%2Fcomments&post=2"}],"version-history":[{"count":100,"href":"https:\/\/www.weidner-electrical.co.uk\/index.php?rest_route=\/wp\/v2\/pages\/2\/revisions"}],"predecessor-version":[{"id":557,"href":"https:\/\/www.weidner-electrical.co.uk\/index.php?rest_route=\/wp\/v2\/pages\/2\/revisions\/557"}],"wp:attachment":[{"href":"https:\/\/www.weidner-electrical.co.uk\/index.php?rest_route=%2Fwp%2Fv2%2Fmedia&parent=2"}],"curies":[{"name":"wp","href":"https:\/\/api.w.org\/{rel}","templated":true}]}}